{"id":11,"date":"2010-08-28T05:08:00","date_gmt":"2010-08-28T05:08:00","guid":{"rendered":"http:\/\/www.philipmorehead.com\/?page_id=11"},"modified":"2024-02-26T11:40:17","modified_gmt":"2024-02-26T17:40:17","slug":"repertory","status":"publish","type":"page","link":"https:\/\/www.philipmorehead.com\/staging\/repertory\/","title":{"rendered":"Repertoire"},"content":{"rendered":"<p><a name=\"top\"><\/a><br \/>\n<span style=\"font-size: 20px;\"><br \/>\n<strong><a href=\"#link1\">OPERA CONDUCTING EXPERIENCE<\/a><\/strong><br \/>\n<strong><strong><a href=\"#link2\">INSTRUMENTAL CONDUCTING EXPERIENCE<\/a><br \/>\n<strong><a href=\"#link3\">CHORAL &amp; VOCAL (NON-OPERATIC) EXPERIENCE<\/a><\/strong><br \/>\n<strong><a href=\"#link4\">PERFORMANCE EXPERIENCE<\/a><\/strong><\/strong><\/strong><br \/>\n<\/span><br \/>\n<span style=\"color: #000;\">. <\/span><\/p>\n<hr>\n<p><a name=\"link1\"><\/a><\/p>\n<h3>OPERA CONDUCTING<\/h3>\n<p>FOR LYRIC OPERA OF CHICAGO<\/p>\n<p style=\"padding-top: 0pt; padding-left: 30px;\"><span style=\"color: #ffffff;\">Davis<\/span> Amistad (with Thomas Young, Florence Quivar, Stephen West)<br \/>\n<span style=\"color: #ffffff;\">Strauss, J. <\/span>Die Fledermaus (with Andrea Rost, Bo Skovhus, Marlis Petersen)<br \/>\n<span style=\"color: #ffffff;\">Verdi<\/span> Un ballo in maschera (with Sondra Radvanovsky, Frank Lopardo, Mark Delavan, Stephanie Blythe)<br \/>\n<span style=\"color: #ffffff;\">Sullivan<\/span> The Mikado (with James Morris, Stephanie Blythe, Neal Davies, Andrew Shore, Toby Spence, Andriana Chuchman)<br \/>\n<span style=\"color: #ffffff;\">Jan\u00e1\u010dek<\/span> Cunning Little Vixen (student matin\u00e9e, with Nicole Cabell, Quinn Kelsey, Lauren Curnow)<br \/>\n<span style=\"color: #ffffff;\">Verdi<\/span> La traviata (student matin\u00e9e, with Maria Kanyova, Brian Montgomery, Michael Sommese)<br \/>\n<span style=\"color: #ffffff;\">Bizet <\/span>Carmen (student matin\u00e9e, with Buffy Baggott, Mark Thomsen)<br \/>\n<span style=\"color: #ffffff;\">Bizet <\/span>Carmen (student matin\u00e9e, with Katharine Goeldner, Richard Cox, Amanda Majeski)<br \/>\n<span style=\"color: #ffffff;\">Leoncavallo <\/span>I Pagliacci (student matin\u00e9e, with Jill Bowen Gardner, Arnold Rawls, Daniel Billings)<br \/>\n<span style=\"color: #ffffff;\">Mozart<\/span> Die Zauberfl\u00f6te (student matin\u00e9e, with Ren\u00e9 Barbera, Paul La Rosa, Audrey Luna, Kiri Deonarine)<\/p>\n<p>FOR LYRIC OPERA OF CHICAGO (cover conductor)<\/p>\n<p style=\"padding-left: 30px;\"><span style=\"color: #ffffff;\">Adams<\/span> Doctor Atomic (Robert Spano)<br \/>\n<span style=\"color: #ffffff;\">Argento<\/span> The Voyage of Edgar Allan Poe (Christopher Keene)<br \/>\n<span style=\"color: #ffffff;\">Beethoven <\/span>Fidelio (Christoph von Dohnanyi)<span class=\"style_4\"><br \/>\n<span style=\"color: #ffffff;\">Berlioz<\/span> La damnation de Faust (Sir Andrew Davis)<br \/>\n<span style=\"color: #ffffff;\">Bizet<\/span> Carmen (Sir Andrew Davis)<br \/>\n<span style=\"color: #ffffff;\">Britten <\/span>Billy Budd (Sir Andrew Davis)<br \/>\n<span style=\"color: #ffffff;\">Davis <\/span>Amistad (Dennis Russell Davies)<br \/>\n<span style=\"color: #ffffff;\">Dvo\u0159\u00e1k <\/span>Rusalka (Sir Andrew Davis)<br \/>\n<span style=\"color: #ffffff;\">Floyd<\/span> Susannah (Julius Rudel)<br \/>\n<span style=\"color: #ffffff;\">Gershwin<\/span> Porgy and Bess (Ward Stare)<br \/>\n<span style=\"color: #ffffff;\">Gluck <\/span>Orfeo ed Euridice (Harry Bicket), Iphig\u00e9nie en Tauride (Louis Langr\u00e9e)<br \/>\n<span style=\"color: #ffffff;\">Gounod<\/span> Faust (Sir Mark Elder)<br \/>\n<span style=\"color: #ffffff;\">Handel <\/span>Giulio Cesare (Emanuelle Ha\u00efm), Xerxes (John Nelson), Hercules (Harry Bicket)<br \/>\n<span style=\"color: #ffffff;\">Jan\u00e1\u010dek<\/span> Jen\u016ffa (Sir Andrew Davis), Kat&#8217;a Kabanov\u00e1 (Markus Stenz)<br \/>\n<span style=\"color: #ffffff;\">Levy <\/span>Mourning Becomes Elektra (Richard Buckley)<br \/>\n<span style=\"color: #ffffff;\">Mascagni<\/span> Cavalleria rusticana (Renato Palumbo)<br \/>\n<span style=\"color: #ffffff;\">Massenet<\/span> Manon (Emmanuel Vuillaume), Werther (Sir Andrew Davis)<br \/>\n<span style=\"color: #ffffff;\">Menotti<\/span> The Consul (Richard Buckley)<br \/>\n<span style=\"color: #ffffff;\">Mozart<\/span> Don Giovanni (Christoph von Eschenbach, Sir Andrew Davis), Die Zauberfl\u00f6te (Sir Andrew Davis)<br \/>\n<span style=\"color: #ffffff;\">Mussorgsky<\/span> Boris Godunov (Sir Andrew Davis)<br \/>\n<span style=\"color: #ffffff;\">Offenbach<\/span> Les contes d&#8217;Hoffmann (Emmanuel Vuillaume)<br \/>\n<span style=\"color: #ffffff;\">Puccini<\/span> La Boheme (Sir Andrew Davis, Emmanuel Vuillaume), Tosca (Sir Andrew Davis, Stephen Lord)<br \/>\n<span style=\"color: #ffffff;\">Sondheim<\/span> Sweeney Todd (Paul Gemignani)<br \/>\n<span style=\"color: #ffffff;\">Strauss<\/span> Die Fledermaus (Asher Fisch, Ward Stare)<br \/>\n<span style=\"color: #ffffff;\">Tippett<\/span> The Midsummer Marriage (Sir Andrew Davis)<br \/>\n<span style=\"color: #ffffff;\">Tchaikovsky<\/span> Eugene Onegin (Sir Andrew Davis)<br \/>\n<span style=\"color: #ffffff;\">Verdi<\/span> Falstaff (Sir Antonio Pappano), Rigoletto (J\u00e9sus L\u00f3pez Cobos), Il trovatore (Bruno Bartoletti), Ernani (Renato Palumbo), Aida (Renato Palumbo), Otello (Bertrand de Billy)<br \/>\n<span style=\"color: #ffffff;\">Wagner<\/span> Die Meistersinger (Christian Thielemann, Sir Andrew Davis), Tristan und Isolde (Semyon Bychkov),&nbsp;Der fliegende Holl\u00e4nder (Sir Andrew Davis), Parsifal (Sir Andrew Davis)<br \/>\n<span style=\"color: #ffffff;\">Weill<\/span> Street Scene (Richard Buckley)<br \/>\n<span style=\"color: #ffffff;\">Weinberg<\/span> The Passenger (Sir Andrew Davis)<\/span><\/p>\n<p>FOR HIGHLANDS OPERA STUDIO, Haliburton, ON, Canada<\/p>\n<p style=\"padding-left: 30px;\"><span style=\"color: #ffffff;\">Gounod<\/span> Faust (with France Bellemare\/Lauren Margison, Kijong Wi\/Pasquale d&#8217;Alessio)<br \/>\n<span style=\"color: #ffffff;\">Mozart<\/span> Cos\u00ec fan tutte (with Lauren Margison\/Mikayla Sager, Tonatiuh Abrego\/Mathieu Abel)<br \/>\n<span style=\"color: #ffffff;\">Puccini<\/span> La boh\u00e8me (with Shantelle Przybylo\/Natalya Gennadi, Sebastian Hasboczki\/Rocco Rupolo)<br \/>\n<span style=\"color: #ffffff;\">R. Strauss<\/span> Ariadne auf Naxos (with Shantelle Przybylo\/Rachel Krehm, Scott Rumble, Maeve Palmer\/Melissa McCann, Michelle Siemens\/Frida Portillo)<\/p>\n<p>FOR SOIREE LYRIQUE, Elgin, IL<\/p>\n<p style=\"padding-left: 30px;\"><span style=\"color: #ffffff;\">Puccini<\/span> Tosca (with Tetyana Torzhevska, Simon Kyung Lee, William Powers)<\/p>\n<p>FOR LYRIC UNLIMITED, Chicago, IL<\/p>\n<p style=\"padding-left: 30px;\"><span style=\"color: #ffffff;\">The Magic Victrola<\/span> (with Laura Wilde, J&#8217;nai Bridges, Jonathan Johnson, Hlengiwe Mkhwanazi, Will Liverman, Jeni Houser, Julie Miller)<\/p>\n<p>FOR FESTIVALE LYRIQUE-EN-MER, Belle Ile, France<\/p>\n<p style=\"padding-left: 30px;\"><span style=\"color: #ffffff;\">Rossini<\/span> Il barbiere di Siviglia (with Yu Ree Jang, Mark Holland, Timothy Lafontaine, Matt Boehler)<br \/>\n<span style=\"color: #ffffff;\">Donizetti<\/span> L&#8217;elisir d&#8217;amore (with Katerina Thurman, Artavazd Sargsyan, Keith Harris, Andrew Nolen)<\/p>\n<p>FOR CHICAGO LATINO FESTIVAL, Chicago, IL<\/p>\n<p style=\"padding-left: 30px;\"><span style=\"color: #ffffff;\">Leone<\/span> Words and Music (broadcast live on WFMT, Chicago)<br \/>\n<span style=\"color: #ffffff;\">Leone<\/span> The Leader (with Stacey Tappan, John Concepcion, Rodell Rosel, Michelle Areyzaga. Michael Cavalieri)<\/p>\n<p>FOR TULSA OPERA<\/p>\n<p style=\"padding-left: 30px;\"><span style=\"color: #ffffff;\">Puccini<\/span> Madama Butterfly (with Daisy Newman)<br \/>\n<span style=\"color: #ffffff;\">Sullivan<\/span> Pirates of Penzance (with James Billings, Karen Hunt)<\/p>\n<p>FOR THE LYRIC OPERA CENTER FOR AMERICAN ARTISTS\/RYAN OPERA CENTER<\/p>\n<p style=\"padding-left: 30px;\"><span style=\"color: #ffffff;\">Rising Stars in Concert (2007, 2009)<\/span><br \/>\n<span style=\"color: #ffffff;\">Rossini<\/span> La Cenerentola<br \/>\n<span style=\"color: #ffffff;\">Donizetti<\/span> Don Pasquale<br \/>\n<span style=\"color: #ffffff;\">Sheng<\/span> The Song of Majnun (orchestra reading)<br \/>\n<span style=\"color: #ffffff;\">Saylor<\/span> Orpheus Descending (reading)<\/p>\n<p>FOR BOSTON LYRIC OPERA<\/p>\n<p style=\"padding-left: 30px;\"><span style=\"color: #ffffff;\">Menotti<\/span> Amahl and the Night Visitors<br \/>\n<span style=\"color: #ffffff;\">Mozart<\/span> Za\u00efde (with Elizabeth Parcells, Ray DeVoll, James Maddalena)<\/p>\n<p>FOR THE NEW ENGLAND CHAMBER OPERA GROUP<\/p>\n<p style=\"padding-left: 30px;\"><span style=\"color: #ffffff;\">Argento<\/span> The Boor<br \/>\n<span style=\"color: #ffffff;\">Bernstein<\/span> Trouble in Tahiti<br \/>\n<span style=\"color: #ffffff;\">Busoni<\/span> Arlecchino<br \/>\n<span style=\"color: #ffffff;\">Earls<\/span> The Death of King Phillip (World Premiere), Grimm Duo (World Premiere)<br \/>\n<span style=\"color: #ffffff;\">Handel<\/span> Imeneo<br \/>\n<span style=\"color: #ffffff;\">Menotti<\/span> The Medium<br \/>\n<span style=\"color: #ffffff;\">Mozart<\/span> The Abduction from the Seraglio, The Goose from Cairo<br \/>\n<span style=\"color: #ffffff;\">Offenbach<\/span> Pepito<br \/>\n<span style=\"color: #ffffff;\">Pergolesi<\/span> La serva padrona<br \/>\n<span style=\"color: #ffffff;\">Puccini<\/span> La Boheme, Gianni Schicchi<br \/>\n<span style=\"color: #ffffff;\">Rossini<\/span> La cambiale di matrimonio<br \/>\n<span style=\"color: #ffffff;\">Selig<\/span> Chocorua (2nd production; commissioned for Tanglewood by the Fromm Foundation)<br \/>\n<span style=\"color: #ffffff;\">Stravinsky<\/span> Mavra<br \/>\n<span style=\"color: #ffffff;\">Weill<\/span> Down in the Valley, Das Songspiel Mahagonny<\/p>\n<p>FOR ILLINOIS STATE UNIVERSITY, Bloomington<\/p>\n<p style=\"padding-left: 30px;\"><span style=\"color: #ffffff;\">Gounod<\/span> Faust&nbsp;(concert performance)<\/p>\n<p>FOR CHAMBER CONCERTS OF NEWTON (sponsor)<\/p>\n<p style=\"padding-left: 30px;\"><span style=\"color: #ffffff;\">Schemmer<\/span> Phaust&nbsp;(World Premiere, concert performance, with James Maddalena)<\/p>\n<p>FOR HOLY CROSS COLLEGE, Worcester, MA<\/p>\n<p style=\"padding-left: 30px;\"><span style=\"color: #ffffff;\">Sullivan<\/span> Trial by Jury<\/p>\n<div class=\"toplink\"><a href=\"#top\">top<\/a><\/div>\n<p><a name=\"link2\"><\/a><\/p>\n<hr>\n<h3>INSTRUMENTAL CONDUCTING<\/h3>\n<p>&nbsp;<\/p>\n<p><strong>FOR THE CHICAGO 20TH CENTURY MUSIC ENSEMBLE<\/strong><\/p>\n<p style=\"padding-left: 30px;\"><span style=\"color: #ffffff;\">Harbison<\/span> Die K\u00fcrze, Exequien for Calvin Simmons<\/p>\n<p>FOR WHISPERING RIVER MUSIC, Parry Sound, Ontario<\/p>\n<p style=\"padding-left: 30px;\"><span style=\"color: #ffffff;\">Mozart<\/span> Sinfonia Concertante<br \/>\n<span style=\"color: #ffffff;\">Schubert<\/span> Unfinished Symphony<br \/>\n<span style=\"color: #ffffff;\">Morehead<\/span> Landscape for tenor, flute and strings<br \/>\n<span style=\"color: #ffffff;\">Berry<\/span> October Blaze<br \/>\n<span style=\"color: #ffffff;\">Handel<\/span> Messiah<\/p>\n<p>FOR CUBE CONTEMPORARY CHAMBER ENSEMBLE,&nbsp;Chicago (partial list)<\/p>\n<p style=\"padding-left: 30px;\"><span style=\"color: #ffffff;\">Assad<\/span> Pole to Pole (World Premiere)<br \/>\n<span style=\"color: #ffffff;\">Blocker<\/span> Prism, Mirror, Lens (World Premiere)<br \/>\n<span style=\"color: #ffffff;\">Carter<\/span> Tempo e tempi<br \/>\n<span style=\"color: #ffffff;\">Ferris<\/span> Eden Garden (World Premiere)<br \/>\n<span style=\"color: #ffffff;\">Grazier<\/span> Leaving, Arriving (World Premiere)<br \/>\n<span style=\"color: #ffffff;\">Grigsby<\/span> Fragments from Augustine the Saint<br \/>\n<span style=\"color: #ffffff;\">Heggie<\/span> Statuesque<br \/>\n<span style=\"color: #ffffff;\">Huydts<\/span> Three Serious Songs (World Premiere)<br \/>\n<span style=\"color: #ffffff;\">Levinson<\/span> Klezmer Rhapsody, The Tell-Tale Heart (World Premiere), Out of the Depth I Cry (World Premiere)<br \/>\n<span style=\"color: #ffffff;\">Lofstrom<\/span> Walking, Running, Standing Still (World Premiere)<br \/>\n<span style=\"color: #ffffff;\">Lombardo<\/span> Concertino for Piano and Three Instruments (World Premiere)<br \/>\n<span style=\"color: #ffffff;\">L\u00f3pez<\/span> Avec Swing, Fiesta!<br \/>\n<span style=\"color: #ffffff;\">Misurell-Mitchell<\/span> Cantus Interruptus, Sermon of the Middle-Aged Revolutionary Spider<br \/>\n<span style=\"color: #ffffff;\">Morehead<\/span> Disquieted Souls (with Caroline Hove, English horn), Good News Falls Gently, Homage to Thurber: A Tribute to Marshall Patner, The Wonderful Musician<br \/>\n<span style=\"color: #ffffff;\">Schwendinger<\/span> Lady Lazarus; Mise-en-sc\u00e8ne<br \/>\n<span style=\"color: #ffffff;\">Seward<\/span> Hopewell Community (World Premiere)<br \/>\n<span style=\"color: #ffffff;\">Spratlan<\/span> When Crows Gather<br \/>\n<span style=\"color: #ffffff;\">Stockhausen<\/span> Zeitma\u00dfe<\/p>\n<p>FOR NEMO (New European Music Overseas)<\/p>\n<p style=\"padding-left: 30px;\"><span style=\"color: #ffffff;\">Boulez<\/span> Messagesquisse, D\u00e9rive<\/p>\n<p>FOR THE CONTEMPORARY CHAMBER PLAYERS, University of Chicago:<\/p>\n<p style=\"padding-left: 30px;\"><span style=\"color: #ffffff;\">Boulez<\/span> Improvisations sur Mallarm\u00e9 (with Elsa Charlston)<\/p>\n<p class=\"paragraph_style_2\">FOR THE CANADIAN CONTEMPORARY MUSIC WORKSHOP, Toronto<\/p>\n<p style=\"padding-left: 30px;\"><span style=\"color: #ffffff;\">Sullivan<\/span> Frieze<br \/>\n<span style=\"color: #ffffff;\">Tammearu<\/span> Concerto Borealis (World Premiere)<br \/>\n<span style=\"color: #ffffff;\">Zimmermann, B.A.<\/span> Concerto for Oboe (North American Premiere)<\/p>\n<p style=\"padding-top: 0pt;\">FOR THE BROOKLINE SYMPHONY<\/p>\n<p class=\"paragraph_style_8\" style=\"padding-left: 30px;\"><span style=\"color: #ffffff;\">Beethoven<\/span> Symphonies #2, 4, 7, 9, Leonore #3,&nbsp;Piano Concerto #3<br \/>\n<span style=\"color: #ffffff;\">Berlioz<\/span> Roman Carnival Overture, Overture to Les&nbsp;francs juges<br \/>\n<span style=\"color: #ffffff;\">Brahms<\/span> Serenade #2, Symphony #4, Variations on a&nbsp;Theme of Haydn<br \/>\n<span style=\"color: #ffffff;\">Bruch<\/span> Violin Concerto #1Copland Lincoln Portrait<br \/>\n<span style=\"color: #ffffff;\">Dvorak<\/span> Symphonies #7, 8, Cello Concerto<br \/>\n<span style=\"color: #ffffff;\">Gershwin<\/span> Rhapsody in Blue<br \/>\n<span style=\"color: #ffffff;\">Grieg<\/span> Peer Gynt Suites #1 &amp; 2, Piano Concerto<br \/>\n<span style=\"color: #ffffff;\">Haydn<\/span> Lord Nelson Mass, Oboe Concerto, Trumpet&nbsp;Concerto (with Rolf Smedvig)<br \/>\n<span style=\"color: #ffffff;\">Ibert<\/span> Ports of Call<br \/>\n<span style=\"color: #ffffff;\">Rodgers<\/span> A Rodgers &amp; Hammerstein Evening<br \/>\n<span style=\"color: #ffffff;\">Ravel<\/span> Sh\u00e9h\u00e9razade<br \/>\n<span style=\"color: #ffffff;\">Rimsky-Korsakov<\/span> Scheherazade, Theme and Variations<br \/>\n<span style=\"color: #ffffff;\">Rossini<\/span> Barber of Seville Overture, William Tell&nbsp;Overture<br \/>\n<span style=\"color: #ffffff;\">Schubert<\/span> Symphonies #8 &amp; 9<br \/>\n<span style=\"color: #ffffff;\">Schumann<\/span> Manfred Overture, Cello Concerto,&nbsp;Symphony #4<br \/>\n<span style=\"color: #ffffff;\">Smetana<\/span> Moldau<br \/>\n<span style=\"color: #ffffff;\">Tchaikovsky<\/span> Symphonies #1, 5, 6<br \/>\n<span style=\"color: #ffffff;\">Wieniawski<\/span> Violin Concerto #2 (with Cecylia Arzewski)<\/p>\n<p style=\"padding-top: 0pt;\">FOR THE NEWTON CHAMBER ORCHESTRA (partial list)<\/p>\n<p class=\"paragraph_style_8\" style=\"padding-left: 30px;\"><span style=\"color: #ffffff;\">J.S. Bach<\/span> Cantatas #4, 82, 91, 110, 133, 140, 150,170, 202, Brandenburg Concertos (directed from the harpsichord), Overture #2<br \/>\n<span style=\"color: #ffffff;\">Handel<\/span> Organ Concerto Op. 7 #4, Concerto Grosso Op. 6 #10<br \/>\n<span style=\"color: #ffffff;\">Haydn<\/span> Symphony #67<br \/>\n<span style=\"color: #ffffff;\">Monteverdi<\/span> Ballo: Movete al mio bel suon<br \/>\n<span style=\"color: #ffffff;\">Mozart<\/span> Symphonies #29, 32, 38, 40, 41, Oboe Concerto, Eine kleine Nachtmusik, Clarinet Concerto, Sinfonia concertante for winds, Piano concertos K. 271 &amp; K. 467, Violin Concerto #2<br \/>\n<span style=\"color: #ffffff;\">Strauss (Richard)<\/span> Oboe Concerto<br \/>\n<span style=\"color: #ffffff;\">Telemann<\/span> Overture to the Nations<\/p>\n<div class=\"toplink\"><a href=\"#top\">top<\/a><\/div>\n<p><a name=\"link3\"><\/a><\/p>\n<hr>\n<h3>CHORAL &amp; VOCAL (NON-OPERATIC) EXPERIENCE<\/h3>\n<p class=\"paragraph_style_2\">FOR ILLINOIS HUMANITIES COUNCIL, Chicago<\/p>\n<p style=\"padding-left: 30px;\"><span style=\"color: #ffffff;\">Anthony Davis<\/span> Voyage Through Death to Life Upon These Shores<\/p>\n<p>FOR TAFELMUSIC, Toronto, Ontario<\/p>\n<p style=\"padding-left: 30px;\"><span style=\"color: #ffffff;\">Handel<\/span> Messiah (complete, with original instruments, directed from the harpsichord)<\/p>\n<p>FOR THE NEWTON CHAMBER ORCHESTRA, Newton, MA<\/p>\n<p style=\"padding-left: 30px;\"><span style=\"color: #ffffff;\">Selig<\/span> Islands (World Premiere}<\/p>\n<p>FOR THE BACH-ELGAR CHOIR, Hamilton, Ontario&nbsp;(with the Hamilton Philharmonic Orchestra)<\/p>\n<p style=\"padding-left: 30px;\"><span style=\"color: #ffffff;\">Bach<\/span> Mass in B Minor (with Lilian Smith Weichel, Catherine Robbin, John Aler and Steven Henrikson)<br \/>\n<span style=\"color: #ffffff;\">Beethoven<\/span> Symphony #9 (&#8220;Choral&#8221;, with Lois Marsh, Doreen Nagy Albert Greer and Gary Relyea), Calm Sea and Prosperous Voyage<br \/>\n<span style=\"color: #ffffff;\">Handel<\/span> Messiah (with Heather Wilberforce, Diane Loeb, Mark Dubois and Christopher Cameron)<br \/>\n<span style=\"color: #ffffff;\">Poulenc<\/span> Gloria (with Lois Marsh)<br \/>\n<span style=\"color: #ffffff;\">Schickele<\/span> The Seasonings<br \/>\n<span style=\"color: #ffffff;\">Vaughan Williams<\/span> A Sea Symphony (with Katherine Terrell and Gary Relyea)<br \/>\n<span style=\"color: #ffffff;\">Vivaldi<\/span> Gloria<\/p>\n<p>FOR THE BROOKLINE SYMPHONY, Brookline, MA<\/p>\n<p class=\"paragraph_style_5\" style=\"padding-left: 30px;\"><span style=\"color: #ffffff;\">Elgar<\/span> Sea-Pictures (with D&#8217;Anna Fortunato)<br \/>\n<span style=\"color: #ffffff;\">Brahms<\/span> A German Requiem (with Kathryn Fogarty and Sanford Sylvan)<\/p>\n<p class=\"paragraph_style_11\">FOR HOLY CROSS COLLEGE, Worcester, MA (partial list)<\/p>\n<p style=\"padding-left: 30px;\"><span style=\"color: #ffffff;\">Brahms<\/span> N\u00e4nie, Schicksalslied<br \/>\n<span style=\"color: #ffffff;\">Haydn<\/span> Lord Nelson Mass<br \/>\n<span style=\"color: #ffffff;\">Purcell<\/span> Come Ye Sons Of Art<br \/>\n<span style=\"color: #ffffff;\">Schubert<\/span> Mass in G Major<\/p>\n<div class=\"toplink\"><a href=\"#top\">top<\/a><\/div>\n<p><a name=\"link4\"><\/a><\/p>\n<hr>\n<h3>PERFORMANCE EXPERIENCE&nbsp;(Piano, Harpsichord, Organ)<\/h3>\n<p>CONCERT APPEARANCES<\/p>\n<p>Performed as pianist in numerous concerts and recitals, both as soloist and as accompanist, in the U.S., Canada, and Europe, including appearances at the Talloires Composers Festival (France); The Contemporary Chamber Players, New Music Chicago, CUBE (Chicago); Royal Conservatory (Toronto); Gardner Museum, Harvard University, Mount Holyoke College, New England Conservatory (Massachusetts); on WGBH-FM, WCRB-FM, WBUR-FM (Boston), WFMT-FM (Chicago) and WQXR-FM (New York); WNAC-TV, WGBH-TV, AND WCVB-TV (Boston) and CHCH-TV (Hamilton, Ontario); and recitals in Florence (with concert oboist Lothar Faber), Paris, and Carnegie Recital Hall (New York).<\/p>\n<p>HARPSICHORD\/ORGAN CONTINUO IN ORCHESTRAL PERFORMANCE (PARTIAL LISTING)<\/p>\n<p>With the Boston Symphony Orchestra<\/p>\n<p>(Seiji Ozawa, conducting)<br \/>\n<span style=\"color: #ffffff;\">Haydn<\/span> The Creation, The Seasons, Paukenmesse, Theresienmesse<br \/>\n<span style=\"color: #ffffff;\">Vivaldi<\/span> Laudate Pueri<\/p>\n<p>(Leonard Bernstein, conducting)<br \/>\n<span style=\"color: #ffffff;\">Bach<\/span> Magnificat<br \/>\n<span style=\"color: #ffffff;\">Haydn<\/span> Nelson Mass<\/p>\n<p>(Peter Maag, conducting)<br \/>\n<span style=\"color: #ffffff;\">Bach<\/span> Magnificat<\/p>\n<p>(Harry Ellis Dickson, conducting)<br \/>\n<span style=\"color: #ffffff;\">Rossini<\/span> The Barber of Seville<\/p>\n<p>With the Sarasota Festival Orchestra<\/p>\n<p>(Robert Bloom, oboist &amp; conductor)<br \/>\n<span style=\"color: #ffffff;\">Vivaldi<\/span> Oboe Concerto in F major<\/p>\n<p>Also performances with the Brockton &amp; Newton Symphonies, Michel Sasson, conductor<\/p>\n<div class=\"toplink\"><a href=\"#top\">top<\/a><\/div>\n","protected":false},"excerpt":{"rendered":"<p>OPERA CONDUCTING EXPERIENCE INSTRUMENTAL CONDUCTING EXPERIENCE CHORAL &amp; VOCAL (NON-OPERATIC) EXPERIENCE PERFORMANCE EXPERIENCE . OPERA CONDUCTING FOR LYRIC OPERA OF CHICAGO Davis Amistad (with Thomas Young, Florence Quivar, Stephen West) Strauss, J. Die Fledermaus (with Andrea Rost, Bo Skovhus, Marlis Petersen) Verdi Un ballo in maschera (with Sondra Radvanovsky, Frank Lopardo, Mark Delavan, Stephanie Blythe) [&hellip;]<\/p>\n","protected":false},"author":1,"featured_media":0,"parent":0,"menu_order":0,"comment_status":"closed","ping_status":"open","template":"","meta":{"ngg_post_thumbnail":0,"footnotes":""},"_links":{"self":[{"href":"https:\/\/www.philipmorehead.com\/staging\/wp-json\/wp\/v2\/pages\/11"}],"collection":[{"href":"https:\/\/www.philipmorehead.com\/staging\/wp-json\/wp\/v2\/pages"}],"about":[{"href":"https:\/\/www.philipmorehead.com\/staging\/wp-json\/wp\/v2\/types\/page"}],"author":[{"embeddable":true,"href":"https:\/\/www.philipmorehead.com\/staging\/wp-json\/wp\/v2\/users\/1"}],"replies":[{"embeddable":true,"href":"https:\/\/www.philipmorehead.com\/staging\/wp-json\/wp\/v2\/comments?post=11"}],"version-history":[{"count":117,"href":"https:\/\/www.philipmorehead.com\/staging\/wp-json\/wp\/v2\/pages\/11\/revisions"}],"predecessor-version":[{"id":1354,"href":"https:\/\/www.philipmorehead.com\/staging\/wp-json\/wp\/v2\/pages\/11\/revisions\/1354"}],"wp:attachment":[{"href":"https:\/\/www.philipmorehead.com\/staging\/wp-json\/wp\/v2\/media?parent=11"}],"curies":[{"name":"wp","href":"https:\/\/api.w.org\/{rel}","templated":true}]}}